{"id":13,"date":"2022-12-17T21:43:00","date_gmt":"2022-12-17T13:43:00","guid":{"rendered":"http:\/\/www.slappys.com.vn\/?page_id=13"},"modified":"2022-12-29T08:57:24","modified_gmt":"2022-12-29T00:57:24","slug":"about-us","status":"publish","type":"page","link":"http:\/\/www.slappys.com.vn\/index.php\/about-us\/","title":{"rendered":"V\u1ec1 ch\u00fang t\u00f4i"},"content":{"rendered":"\n<p>\u0110\u01b0\u1ee3c th\u00e0nh l\u1eadp v\u00e0o n\u0103m 2010, C\u00f4ng ty Slappys Sourcing Services l\u00e0 m\u1ed9t c\u00f4ng ty t\u00edch h\u1ee3p nghi\u00ean c\u1ee9u v\u00e0 ph\u00e1t tri\u1ec3n s\u1ea3n ph\u1ea9m (R&amp;D) , s\u1ea3n xu\u1ea5t \u0111\u1ebf gi\u00e0y ho\u00e0n thi\u1ec7n v\u00e0 &nbsp;s\u1ea3n xu\u1ea5t v\u1eadt li\u1ec7u m\u00fat x\u1ed1p PU Foam v\u00e0 m\u00fat x\u1ed1p EVA tho\u00e1ng kh\u00ed. Hi\u1ec7n nay, c\u00f4ng ty \u0111\u00e3 th\u00e0nh l\u1eadp trung t\u00e2m nghi\u00ean c\u1ee9u v\u00e0 c\u01a1 s\u1edf s\u1ea3n xu\u1ea5t l\u1ea7n l\u01b0\u1ee3t \u1edf \u0110\u00f4ng Ho\u1ea3n, T\u1ec9nh Qu\u1ea3ng \u0110\u00f4ng, Trung Qu\u1ed1c v\u00e0 Huy\u1ec7n \u0110\u1ee9c H\u00f2a, T\u1ec9nh Long An, Vi\u1ec7t Nam. V\u1edbi s\u1ef1 ph\u00e1t tri\u1ec3n \u1ed5n \u0111\u1ecbnh v\u00e0 b\u1ec1n v\u1eefng trong nh\u1eefng n\u0103m nay, c\u00f4ng ty cam k\u1ebft cung c\u1ea5p c\u00e1c d\u1ecbch v\u1ee5 thu\u1eadn ti\u1ec7n, nhanh ch\u00f3ng v\u00e0 to\u00e0n di\u1ec7n h\u01a1n cho kh\u00e1ch h\u00e0ng kh\u1eafp m\u1ecdi n\u01a1i tr\u00ean th\u1ebf gi\u1edbi.<\/p>\n\n\n\n<p>L\u00e0 nh\u00e0 cung c\u1ea5p \u0111\u1ebf gi\u00e0y \u0111\u01b0\u1ee3c nhi\u1ec1u th\u01b0\u01a1ng hi\u1ec7u n\u1ed5i ti\u1ebfng c\u00f4ng nh\u1eadn, ch\u00fang t\u00f4i kh\u00f4ng ng\u1eebng c\u1ea3i ti\u1ebfn c\u00f4ng ngh\u1ec7, d\u1ecbch v\u1ee5 v\u00e0 ch\u1ea5t l\u01b0\u1ee3ng c\u1ee7a m\u00ecnh. Ch\u00fang t\u00f4i \u0111\u00e3 x\u00e2y d\u1ef1ng n\u00ean m\u1ed9t \u0111\u1ed9i ng\u0169 chuy\u00ean nghi\u00ean c\u1ee9u v\u00e0 ph\u00e1t tri\u1ec3n s\u1ea3n ph\u1ea9m (R&amp;D) v\u00e0 \u0111\u1ed9i ng\u0169 s\u1ea3n xu\u1ea5t g\u1ed3m c\u00e1c chuy\u00ean gia v\u1edbi h\u01a1n 20 n\u0103m kinh nghi\u1ec7m trong ng\u00e0nh. Ch\u00fang t\u00f4i c\u1ed1ng hi\u1ebfn h\u1ebft m\u00ecnh \u0111\u1ec3 t\u0103ng hi\u1ec7u qu\u1ea3 s\u1ea3n xu\u1ea5t, n\u00e2ng cao ch\u1ea5t l\u01b0\u1ee3ng s\u1ea3n ph\u1ea9m, thi\u1ebft l\u1eadp hi\u1ec3u bi\u1ebft s\u00e2u s\u1eafc v\u1ec1 c\u00e1c xu h\u01b0\u1edbng th\u1ecb tr\u01b0\u1eddng v\u00e0 ph\u00e1t tri\u1ec3n c\u00e1c s\u1ea3n ph\u1ea9m c\u00f4ng ngh\u1ec7 ti\u00ean ti\u1ebfn nh\u1eb1m \u0111\u1ea1t \u0111\u01b0\u1ee3c s\u1ef1 tin t\u01b0\u1edfng tuy\u1ec7t \u0111\u1ed1i c\u1ee7a kh\u00e1ch h\u00e0ng \u0111\u1ed1i v\u1edbi s\u1ea3n ph\u1ea9m c\u1ee7a ch\u00fang t\u00f4i.<\/p>\n\n\n\n<p>B\u1eaft \u0111\u1ea7u t\u1eeb vi\u1ec7c ph\u00e1t tri\u1ec3n c\u00e1c nguy\u00ean li\u1ec7u th\u00f4 h\u00f3a h\u1ecdc, ch\u00fang t\u00f4i \u0111\u00e3 s\u1edf h\u1eefu c\u00e1c c\u00f4ng th\u1ee9c c\u1ed1t l\u00f5i b\u1eb1ng c\u00e1ch x\u00e2y d\u1ef1ng m\u1ed9t h\u1ec7 th\u1ed1ng s\u1ea3n xu\u1ea5t ho\u00e0n ch\u1ec9nh t\u1eeb t\u1ea1o b\u1ecdt m\u00fat x\u1ed1p PU v\u00e0 t\u1ea1o b\u1ecdt EVA \u0111\u1ebfn c\u00f4ng \u0111o\u1ea1n \u0111\u00fac \u0111\u1ebf gi\u00e0y ho\u00e0n ch\u1ec9nh. Ch\u00ednh v\u00ec v\u1eady , ch\u00fang t\u00f4i c\u00f3 th\u1ec3 ki\u1ec3m so\u00e1t t\u1ed1t v\u1ec1 chi ph\u00ed v\u00e0 ch\u1ea5t l\u01b0\u1ee3ng, \u0111\u00e1p \u1ee9ng \u0111\u01b0\u1ee3c c\u00e1c y\u00eau c\u1ea7u \u0111\u1eb7c bi\u1ec7t kh\u00e1c nhau c\u1ee7a kh\u00e1ch h\u00e0ng \u0111\u1ed3ng th\u1eddi t\u1ea1o ra s\u1ea3n ph\u1ea9m linh ho\u1ea1t, \u0111a d\u1ea1ng v\u00e0 t\u00f9y bi\u1ebfn h\u01a1n. Do \u0111\u00f3, ch\u00fang t\u00f4i c\u00f3 th\u1ec3 thi\u1ebft l\u1eadp n\u00ean c\u00e1c d\u00f2ng s\u1ea3n ph\u1ea9m \u0111a n\u0103ng, c\u00f3 t\u00ednh c\u1ea1nh tranh cao \u0111\u1ec3 ph\u1ee5c v\u1ee5 kh\u00e1ch h\u00e0ng c\u1ee7a m\u00ecnh.<\/p>\n\n\n\n<p>C\u00f4ng ty Slappys kh\u00f4ng ng\u1eebng \u0111\u1eb7t ra c\u00e1c ti\u00eau chu\u1ea9n cao cho ch\u00ednh m\u00ecnh v\u00e0 chu\u1ea9n b\u1ecb s\u1eb5n s\u00e0ng cho nh\u1eefng th\u00e1ch th\u1ee9c m\u1edbi. Ch\u00fang t\u00f4i s\u1ebd \u0111\u1ed3ng h\u00e0nh ph\u00e1t tri\u1ec3n m\u1ea1nh m\u1ebd c\u00f9ng v\u1edbi kh\u00e1ch h\u00e0ng v\u00e0 \u0111\u1ed1i t\u00e1c \u0111\u1ec3 t\u1ea1o ra m\u1ed9t t\u01b0\u01a1ng lai t\u1ed1t \u0111\u1eb9p h\u01a1n.<\/p>\n","protected":false},"excerpt":{"rendered":"<p>\u0110\u01b0\u1ee3c th\u00e0nh l\u1eadp v\u00e0o n<\/p>\n","protected":false},"author":1,"featured_media":0,"parent":0,"menu_order":0,"comment_status":"closed","ping_status":"closed","template":"","meta":{"footnotes":""},"_links":{"self":[{"href":"http:\/\/www.slappys.com.vn\/index.php\/wp-json\/wp\/v2\/pages\/13"}],"collection":[{"href":"http:\/\/www.slappys.com.vn\/index.php\/wp-json\/wp\/v2\/pages"}],"about":[{"href":"http:\/\/www.slappys.com.vn\/index.php\/wp-json\/wp\/v2\/types\/page"}],"author":[{"embeddable":true,"href":"http:\/\/www.slappys.com.vn\/index.php\/wp-json\/wp\/v2\/users\/1"}],"replies":[{"embeddable":true,"href":"http:\/\/www.slappys.com.vn\/index.php\/wp-json\/wp\/v2\/comments?post=13"}],"version-history":[{"count":2,"href":"http:\/\/www.slappys.com.vn\/index.php\/wp-json\/wp\/v2\/pages\/13\/revisions"}],"predecessor-version":[{"id":99,"href":"http:\/\/www.slappys.com.vn\/index.php\/wp-json\/wp\/v2\/pages\/13\/revisions\/99"}],"wp:attachment":[{"href":"http:\/\/www.slappys.com.vn\/index.php\/wp-json\/wp\/v2\/media?parent=13"}],"curies":[{"name":"wp","href":"https:\/\/api.w.org\/{rel}","templated":true}]}}